{"id":1116,"date":"2025-11-10T02:50:31","date_gmt":"2025-11-10T02:50:31","guid":{"rendered":"http:\/\/axeaswimwear.com\/about\/"},"modified":"2026-04-24T15:30:27","modified_gmt":"2026-04-24T15:30:27","slug":"about","status":"publish","type":"page","link":"https:\/\/axeaswimwear.com\/fr\/about\/","title":{"rendered":"\u00c0 propos"},"content":{"rendered":"<div class=\"wp-block-uagb-container uagb-block-ec57ae33 alignfull uagb-is-root-container\"><div class=\"uagb-container-inner-blocks-wrap\">\n<div class=\"wp-block-uagb-advanced-heading uagb-block-13ad948c\"><h2 class=\"uagb-heading-text\">\u00c0 propos<\/h2><\/div>\n\n\n\n<div class=\"wp-block-uagb-advanced-heading uagb-block-f96013d1\"><h2 class=\"uagb-heading-text\">____<\/h2><\/div>\n<\/div><\/div>\n\n\n\n<div class=\"wp-block-uagb-container uagb-block-6b968533 alignfull uagb-is-root-container\"><div class=\"uagb-container-inner-blocks-wrap\">\n<div class=\"wp-block-uagb-container uagb-layout-flex uagb-block-d007fec1 alignfull uagb-is-root-container\"><div class=\"uagb-container-inner-blocks-wrap\">\n<div class=\"wp-block-uagb-container uagb-block-815c24b6\">\n<div class=\"wp-block-uagb-advanced-heading uagb-block-7bbb1e16\"><h6 class=\"uagb-heading-text\">Notre histoire<\/h6><\/div>\n<\/div>\n\n\n\n<div class=\"wp-block-uagb-container uagb-block-decbf510\">\n<div class=\"wp-block-uagb-advanced-heading uagb-block-62025aa0\"><div class=\"uagb-heading-text\">Fond\u00e9e par une Br\u00e9silienne, AXEA porte l'\u00e2me vibrante du Br\u00e9sil dans chaque collection. <\/div><p class=\"uagb-desc-text\"> Nos cr\u00e9ations sont color\u00e9es, expressives et raffin\u00e9es, capturant la chaleur de la lumi\u00e8re dor\u00e9e, l'air salin et l'\u00e9l\u00e9gance d\u00e9contract\u00e9e d'un art de vivre tropical. Plus qu'un maillot de bain, AXEA est une invitation \u00e0 l'\u00e9vasion, au voyage et \u00e0 la reconnexion avec soi-m\u00eame.<br>La durabilit\u00e9 est au c\u0153ur de notre processus. Tous les bikinis AXEA sont confectionn\u00e9s \u00e0 partir de tissus Repreve\u00ae recycl\u00e9s de haute qualit\u00e9, offrant confort, durabilit\u00e9 et un impact environnemental r\u00e9duit, sans compromettre le style ou la coupe.<br>AXEA, c'est plus que ce que vous portez au bord de l'eau. C'est comment vous vous sentez. Bronz\u00e9e, confiante et pleinement vous-m\u00eame.<\/p><\/div>\n<\/div>\n<\/div><\/div>\n<\/div><\/div>\n\n\n\n<p><\/p>","protected":false},"excerpt":{"rendered":"<p>About ____ Our Story Founded by a Brazilian, AXEA carries the vibrant soul of Brazil in every collection. Our designs are colorful, expressive, and refined, capturing the warmth of golden light, salty air, and the laid-back elegance of a tropical lifestyle. More than swimwear, AXEA is an invitation to escape, to travel, and to reconnect [&hellip;]<\/p>\n","protected":false},"author":1,"featured_media":0,"parent":0,"menu_order":0,"comment_status":"closed","ping_status":"closed","template":"","meta":{"_uag_custom_page_level_css":"","site-sidebar-layout":"no-sidebar","site-content-layout":"page-builder","ast-site-content-layout":"full-width-container","site-content-style":"unboxed","site-sidebar-style":"unboxed","ast-global-header-display":"","ast-banner-title-visibility":"","ast-main-header-display":"","ast-hfb-above-header-display":"","ast-hfb-below-header-display":"","ast-hfb-mobile-header-display":"","site-post-title":"disabled","ast-breadcrumbs-content":"disabled","ast-featured-img":"disabled","footer-sml-layout":"","ast-disable-related-posts":"","theme-transparent-header-meta":"enabled","adv-header-id-meta":"","stick-header-meta":"","header-above-stick-meta":"","header-main-stick-meta":"","header-below-stick-meta":"","astra-migrate-meta-layouts":"set","ast-page-background-enabled":"default","ast-page-background-meta":{"desktop":{"background-color":"var(--ast-global-color-4)","background-image":"","background-repeat":"repeat","background-position":"center center","background-size":"auto","background-attachment":"scroll","background-type":"","background-media":"","overlay-type":"","overlay-color":"","overlay-opacity":"","overlay-gradient":""},"tablet":{"background-color":"","background-image":"","background-repeat":"repeat","background-position":"center center","background-size":"auto","background-attachment":"scroll","background-type":"","background-media":"","overlay-type":"","overlay-color":"","overlay-opacity":"","overlay-gradient":""},"mobile":{"background-color":"","background-image":"","background-repeat":"repeat","background-position":"center center","background-size":"auto","background-attachment":"scroll","background-type":"","background-media":"","overlay-type":"","overlay-color":"","overlay-opacity":"","overlay-gradient":""}},"ast-content-background-meta":{"desktop":{"background-color":"var(--ast-global-color-5)","background-image":"","background-repeat":"repeat","background-position":"center center","background-size":"auto","background-attachment":"scroll","background-type":"","background-media":"","overlay-type":"","overlay-color":"","overlay-opacity":"","overlay-gradient":""},"tablet":{"background-color":"var(--ast-global-color-5)","background-image":"","background-repeat":"repeat","background-position":"center center","background-size":"auto","background-attachment":"scroll","background-type":"","background-media":"","overlay-type":"","overlay-color":"","overlay-opacity":"","overlay-gradient":""},"mobile":{"background-color":"var(--ast-global-color-5)","background-image":"","background-repeat":"repeat","background-position":"center center","background-size":"auto","background-attachment":"scroll","background-type":"","background-media":"","overlay-type":"","overlay-color":"","overlay-opacity":"","overlay-gradient":""}},"footnotes":""},"class_list":["post-1116","page","type-page","status-publish","hentry"],"aioseo_notices":[],"_hostinger_reach_plugin_has_subscription_block":false,"_hostinger_reach_plugin_is_elementor":false,"uagb_featured_image_src":{"full":false,"thumbnail":false,"medium":false,"medium_large":false,"large":false,"1536x1536":false,"2048x2048":false,"trp-custom-language-flag":false,"woocommerce_thumbnail":false,"woocommerce_single":false,"woocommerce_gallery_thumbnail":false},"uagb_author_info":{"display_name":"nanda.rc003@gmail.com","author_link":"https:\/\/axeaswimwear.com\/fr\/author\/nanda-rc003gmail-com\/"},"uagb_comment_info":0,"uagb_excerpt":"About ____ Our Story Founded by a Brazilian, AXEA carries the vibrant soul of Brazil in every collection. Our designs are colorful, expressive, and refined, capturing the warmth of golden light, salty air, and the laid-back elegance of a tropical lifestyle. More than swimwear, AXEA is an invitation to escape, to travel, and to reconnect&hellip;","_links":{"self":[{"href":"https:\/\/axeaswimwear.com\/fr\/wp-json\/wp\/v2\/pages\/1116","targetHints":{"allow":["GET"]}}],"collection":[{"href":"https:\/\/axeaswimwear.com\/fr\/wp-json\/wp\/v2\/pages"}],"about":[{"href":"https:\/\/axeaswimwear.com\/fr\/wp-json\/wp\/v2\/types\/page"}],"author":[{"embeddable":true,"href":"https:\/\/axeaswimwear.com\/fr\/wp-json\/wp\/v2\/users\/1"}],"replies":[{"embeddable":true,"href":"https:\/\/axeaswimwear.com\/fr\/wp-json\/wp\/v2\/comments?post=1116"}],"version-history":[{"count":16,"href":"https:\/\/axeaswimwear.com\/fr\/wp-json\/wp\/v2\/pages\/1116\/revisions"}],"predecessor-version":[{"id":2712,"href":"https:\/\/axeaswimwear.com\/fr\/wp-json\/wp\/v2\/pages\/1116\/revisions\/2712"}],"wp:attachment":[{"href":"https:\/\/axeaswimwear.com\/fr\/wp-json\/wp\/v2\/media?parent=1116"}],"curies":[{"name":"wp","href":"https:\/\/api.w.org\/{rel}","templated":true}]}}